{"id":77,"date":"2018-05-15T11:39:38","date_gmt":"2018-05-15T14:39:38","guid":{"rendered":"https:\/\/arpolar.com.br\/?page_id=77"},"modified":"2025-03-10T17:03:09","modified_gmt":"2025-03-10T20:03:09","slug":"arpol","status":"publish","type":"page","link":"https:\/\/arpolar.com.br\/?page_id=77","title":{"rendered":"Arpol"},"content":{"rendered":"<p>Qualidade e efici\u00eancia associada a um elevado conceito tecnol\u00f3gico quando o assunto \u00e9 conforto t\u00e9rmico, essa \u00e9 a Arpol.<\/p>\n<p>Retrofit, instala\u00e7\u00e3o, manuten\u00e7\u00e3o e consultoria para sistemas de condicionamento de ar, ventila\u00e7\u00e3o e refrigera\u00e7\u00e3o, seguindo normas e padr\u00f5es t\u00e9cnicos, garantindo comodidade e seguran\u00e7a.<\/p>\n<p>Conforto t\u00e9rmico \u00e9 bem estar, \u00e9 qualidade de vida que se traduz em produtividade.<\/p>\n<p>Do projeto \u00e0 implanta\u00e7\u00e3o da obra. Da instala\u00e7\u00e3o \u00e0 manuten\u00e7\u00e3o de sua opera\u00e7\u00e3o.<\/p>\n<p>Reunindo um time de profissionais com ampla experi\u00eancia no setor a Arpol tornou-se reconhecidamente uma refer\u00eancia de sucesso no setor.<\/p>\n<p>Atuando no aprimoramento e consolida\u00e7\u00e3o do conceito conforto t\u00e9rmico, aplicado a ambientes comerciais, industriais e residenciais.<\/p>\n<p>&nbsp;<\/p>\n<p><strong>MISS\u00c3O<\/strong><\/p>\n<p>\u2022 Garantir a satisfa\u00e7\u00e3o do cliente, oferecendo servi\u00e7os com alto padr\u00e3o de qualidade, prezando pelo respeito e \u00e9tica profissional.<\/p>\n<p>&nbsp;<\/p>\n<p><strong>VIS\u00c3O<\/strong><\/p>\n<p>Ser refer\u00eancia no mercado de conforto t\u00e9rmico, seguindo as diretrizes:<\/p>\n<p>\u2022 Equipe motivada, comprometida e focada em resultados da organiza\u00e7\u00e3o;<\/p>\n<p>\u2022 Constante busca pela qualidade na presta\u00e7\u00e3o de servi\u00e7os;<\/p>\n<p>\u2022 Contrata\u00e7\u00e3o dos melhores profissionais.<\/p>\n<p>&nbsp;<\/p>\n<p><strong>VALORES<\/strong><\/p>\n<p>\u2022 O ser humano e o meio ambiente<\/p>\n<p>\u2022 \u00c9tica e transpar\u00eancia<\/p>\n<p>\u2022 Comprometimento e fidelidade<\/p>\n<p>\u2022 Profissionalismo e tecnologia<\/p>\n","protected":false},"excerpt":{"rendered":"<p>Qualidade e efici\u00eancia associada a um elevado conceito tecnol\u00f3gico quando o assunto \u00e9 conforto t\u00e9rmico, essa \u00e9 a Arpol. Retrofit, instala\u00e7\u00e3o, manuten\u00e7\u00e3o e consultoria para sistemas de condicionamento de ar, ventila\u00e7\u00e3o e refrigera\u00e7\u00e3o, seguindo normas e padr\u00f5es t\u00e9cnicos, garantindo comodidade e seguran\u00e7a. Conforto t\u00e9rmico \u00e9 bem estar, \u00e9 qualidade de vida que se traduz em [&hellip;]<\/p>\n","protected":false},"author":1,"featured_media":127,"parent":0,"menu_order":0,"comment_status":"closed","ping_status":"closed","template":"page-texto-video.php","meta":[],"_links":{"self":[{"href":"https:\/\/arpolar.com.br\/index.php?rest_route=\/wp\/v2\/pages\/77"}],"collection":[{"href":"https:\/\/arpolar.com.br\/index.php?rest_route=\/wp\/v2\/pages"}],"about":[{"href":"https:\/\/arpolar.com.br\/index.php?rest_route=\/wp\/v2\/types\/page"}],"author":[{"embeddable":true,"href":"https:\/\/arpolar.com.br\/index.php?rest_route=\/wp\/v2\/users\/1"}],"replies":[{"embeddable":true,"href":"https:\/\/arpolar.com.br\/index.php?rest_route=%2Fwp%2Fv2%2Fcomments&post=77"}],"version-history":[{"count":7,"href":"https:\/\/arpolar.com.br\/index.php?rest_route=\/wp\/v2\/pages\/77\/revisions"}],"predecessor-version":[{"id":166,"href":"https:\/\/arpolar.com.br\/index.php?rest_route=\/wp\/v2\/pages\/77\/revisions\/166"}],"wp:featuredmedia":[{"embeddable":true,"href":"https:\/\/arpolar.com.br\/index.php?rest_route=\/wp\/v2\/media\/127"}],"wp:attachment":[{"href":"https:\/\/arpolar.com.br\/index.php?rest_route=%2Fwp%2Fv2%2Fmedia&parent=77"}],"curies":[{"name":"wp","href":"https:\/\/api.w.org\/{rel}","templated":true}]}}