{"id":75,"date":"2018-05-15T11:38:28","date_gmt":"2018-05-15T14:38:28","guid":{"rendered":"https:\/\/arpolar.com.br\/?page_id=75"},"modified":"2018-05-17T12:07:49","modified_gmt":"2018-05-17T15:07:49","slug":"home","status":"publish","type":"page","link":"https:\/\/arpolar.com.br\/","title":{"rendered":"home"},"content":{"rendered":"<p>Conforto t\u00e9rmico \u00e9 bem estar, \u00e9 qualidade de vida que se traduz em produtividade.<\/p>\n<p>Do projeto \u00e0 implanta\u00e7\u00e3o da obra. Da instala\u00e7\u00e3o \u00e0 manuten\u00e7\u00e3o de sua opera\u00e7\u00e3o.<\/p>\n<p>Reunindo um time de profissionais com ampla experi\u00eancia no setor a Arpol tornou-se reconhecidamente uma refer\u00eancia de sucesso no setor.<\/p>\n","protected":false},"excerpt":{"rendered":"<p>Conforto t\u00e9rmico \u00e9 bem estar, \u00e9 qualidade de vida que se traduz em produtividade. Do projeto \u00e0 implanta\u00e7\u00e3o da obra. Da instala\u00e7\u00e3o \u00e0 manuten\u00e7\u00e3o de sua opera\u00e7\u00e3o. Reunindo um time de profissionais com ampla experi\u00eancia no setor a Arpol tornou-se reconhecidamente uma refer\u00eancia de sucesso no setor.<\/p>\n","protected":false},"author":1,"featured_media":0,"parent":0,"menu_order":0,"comment_status":"closed","ping_status":"closed","template":"","meta":[],"_links":{"self":[{"href":"https:\/\/arpolar.com.br\/index.php?rest_route=\/wp\/v2\/pages\/75"}],"collection":[{"href":"https:\/\/arpolar.com.br\/index.php?rest_route=\/wp\/v2\/pages"}],"about":[{"href":"https:\/\/arpolar.com.br\/index.php?rest_route=\/wp\/v2\/types\/page"}],"author":[{"embeddable":true,"href":"https:\/\/arpolar.com.br\/index.php?rest_route=\/wp\/v2\/users\/1"}],"replies":[{"embeddable":true,"href":"https:\/\/arpolar.com.br\/index.php?rest_route=%2Fwp%2Fv2%2Fcomments&post=75"}],"version-history":[{"count":2,"href":"https:\/\/arpolar.com.br\/index.php?rest_route=\/wp\/v2\/pages\/75\/revisions"}],"predecessor-version":[{"id":139,"href":"https:\/\/arpolar.com.br\/index.php?rest_route=\/wp\/v2\/pages\/75\/revisions\/139"}],"wp:attachment":[{"href":"https:\/\/arpolar.com.br\/index.php?rest_route=%2Fwp%2Fv2%2Fmedia&parent=75"}],"curies":[{"name":"wp","href":"https:\/\/api.w.org\/{rel}","templated":true}]}}