{"id":211,"date":"2025-03-10T16:25:09","date_gmt":"2025-03-10T19:25:09","guid":{"rendered":"https:\/\/arpolar.com.br\/?page_id=211"},"modified":"2025-03-11T16:46:29","modified_gmt":"2025-03-11T19:46:29","slug":"relatorio-de-transparencia-salarial","status":"publish","type":"page","link":"https:\/\/arpolar.com.br\/?page_id=211","title":{"rendered":"Relat\u00f3rio de Transpar\u00eancia Salarial"},"content":{"rendered":"\n<h3>Nota Esclarecedora Sobre Relat\u00f3rio de Transpar\u00eancia Salarial<\/h3>\n\n\n\n<p>A ARPOL Conforto T\u00e9rmico Ltda., declara seu compromisso e empreende esfor\u00e7os para ampliar e promover a equidade de g\u00eanero, valorizando o relacionamento com nossas colaboradoras, consumidoras e a sociedade.<\/p>\n\n\n\n<p>Atuamos com transpar\u00eancia e em conformidade com a Lei n\u00ba 14.611\/2023, divulgando o Relat\u00f3rio de Transpar\u00eancia Salarial e de Crit\u00e9rios Remunerat\u00f3rios. Seguindo o formato estabelecido pelos Minist\u00e9rios das Mulheres e do Trabalho e Emprego, apresentamos os dados a seguir.<\/p>\n\n\n\n<p>Al\u00e9m de apresentar dados, acreditamos que as leis devem impulsionar a cria\u00e7\u00e3o de realidades igualit\u00e1rias, combatendo todas as formas de injusti\u00e7a, incluindo as desigualdades de g\u00eanero e cor\/ra\u00e7a no mercado de trabalho.<\/p>\n\n\n\n<p><a class=\"btn btn-primary btn-sm\" href=\"https:\/\/arpolar.com.br\/wp-content\/uploads\/2025\/03\/DOC-RH.pdf\" target=\"_blank\" rel=\"noreferrer noopener\">Clique aqui para fazer o Download<\/a><\/p>\n","protected":false},"excerpt":{"rendered":"<p>Nota Esclarecedora Sobre Relat\u00f3rio de Transpar\u00eancia Salarial A ARPOL Conforto T\u00e9rmico Ltda., declara seu compromisso e empreende esfor\u00e7os para ampliar e promover a equidade de g\u00eanero, valorizando o relacionamento com nossas colaboradoras, consumidoras e a sociedade. Atuamos com transpar\u00eancia e em conformidade com a Lei n\u00ba 14.611\/2023, divulgando o Relat\u00f3rio de Transpar\u00eancia Salarial e de [&hellip;]<\/p>\n","protected":false},"author":1,"featured_media":0,"parent":0,"menu_order":0,"comment_status":"closed","ping_status":"closed","template":"","meta":[],"_links":{"self":[{"href":"https:\/\/arpolar.com.br\/index.php?rest_route=\/wp\/v2\/pages\/211"}],"collection":[{"href":"https:\/\/arpolar.com.br\/index.php?rest_route=\/wp\/v2\/pages"}],"about":[{"href":"https:\/\/arpolar.com.br\/index.php?rest_route=\/wp\/v2\/types\/page"}],"author":[{"embeddable":true,"href":"https:\/\/arpolar.com.br\/index.php?rest_route=\/wp\/v2\/users\/1"}],"replies":[{"embeddable":true,"href":"https:\/\/arpolar.com.br\/index.php?rest_route=%2Fwp%2Fv2%2Fcomments&post=211"}],"version-history":[{"count":5,"href":"https:\/\/arpolar.com.br\/index.php?rest_route=\/wp\/v2\/pages\/211\/revisions"}],"predecessor-version":[{"id":287,"href":"https:\/\/arpolar.com.br\/index.php?rest_route=\/wp\/v2\/pages\/211\/revisions\/287"}],"wp:attachment":[{"href":"https:\/\/arpolar.com.br\/index.php?rest_route=%2Fwp%2Fv2%2Fmedia&parent=211"}],"curies":[{"name":"wp","href":"https:\/\/api.w.org\/{rel}","templated":true}]}}